{"id":60,"date":"2026-01-15T13:43:36","date_gmt":"2026-01-15T13:43:36","guid":{"rendered":"https:\/\/biofaun.com\/?page_id=60"},"modified":"2026-02-19T13:53:09","modified_gmt":"2026-02-19T13:53:09","slug":"contact-saolas-reproduction","status":"publish","type":"page","link":"https:\/\/biofaun.com\/index.php\/contact-saolas-reproduction\/","title":{"rendered":"CONTACTEZ LES SAOLAS"},"content":{"rendered":"\n<p>Rejoignez-nous sur Biofaun.com pour explorer des aventures captivantes d\u00e9di\u00e9es \u00e0 la nature (saolas), \u00e0 la protection des esp\u00e8ces menac\u00e9es et \u00e0 la transmission de connaissances essentielles pour mieux comprendre les d\u00e9fis li\u00e9s \u00e0 la reproduction et \u00e0 la conservation de la faune sauvage.<\/p>\n\n\n\n<figure class=\"wp-block-image size-large\"><img fetchpriority=\"high\" decoding=\"async\" width=\"1024\" height=\"576\" src=\"https:\/\/biofaun.com\/wp-content\/uploads\/2026\/01\/saola-153021-1024x576.jpg\" alt=\"saolas\" class=\"wp-image-16\" srcset=\"https:\/\/biofaun.com\/wp-content\/uploads\/2026\/01\/saola-153021-1024x576.jpg 1024w, https:\/\/biofaun.com\/wp-content\/uploads\/2026\/01\/saola-153021-300x169.jpg 300w, https:\/\/biofaun.com\/wp-content\/uploads\/2026\/01\/saola-153021-768x432.jpg 768w, https:\/\/biofaun.com\/wp-content\/uploads\/2026\/01\/saola-153021.jpg 1200w\" sizes=\"(max-width: 1024px) 100vw, 1024px\" \/><\/figure>\n\n\n\n<p>Chez <strong>BioFaun<\/strong>, nous nous engageons pour la pr\u00e9servation de la biodiversit\u00e9 et la sensibilisation autour d\u2019esp\u00e8ces rares et menac\u00e9s. Surnomm\u00e9 la \u201clicorne d\u2019Asie\u201d, est l\u2019un des mammif\u00e8res les plus rares au monde. La question de la <strong>reproduction<\/strong> et de leur protection est aujourd\u2019hui au c\u0153ur des enjeux de conservation internationale.<\/p>\n\n\n\n<p>Si vous souhaitez nous contacter pour en savoir plus sur nos actions, nos contenus \u00e9ducatifs ou nos engagements li\u00e9s aux animaux, vous \u00eates au bon endroit.<\/p>\n\n\n\n<hr class=\"wp-block-separator has-alpha-channel-opacity\"\/>\n\n\n\n<h2 class=\"wp-block-heading\">\ud83d\udce9 Nous contacter<\/h2>\n\n\n\n<p>Notre \u00e9quipe est disponible pour r\u00e9pondre \u00e0 toutes vos questions concernant :<\/p>\n\n\n\n<ul class=\"wp-block-list\">\n<li>La reproduction <\/li>\n\n\n\n<li>Les programmes de conservation <\/li>\n\n\n\n<li>Nos projets \u00e9ducatifs<\/li>\n\n\n\n<li>Les partenariats environnementaux<\/li>\n\n\n\n<li>Les demandes presse<\/li>\n\n\n\n<li>Les collaborations scientifiques<\/li>\n<\/ul>\n\n\n\n<p><strong>Email :<\/strong> <a>contact@biofaun.fr<\/a><br><strong>T\u00e9l\u00e9phone :<\/strong> 01 23 45 67 89<br><strong>Horaires :<\/strong><br>Lundi \u2013 Vendredi : 9h00 \u2013 18h00<\/p>\n\n\n\n<p>Nous nous engageons \u00e0 r\u00e9pondre sous 24 \u00e0 48h ouvr\u00e9es.<\/p>\n\n\n\n<hr class=\"wp-block-separator has-alpha-channel-opacity\"\/>\n\n\n\n<h2 class=\"wp-block-heading\">\ud83d\udc3e Pourquoi nous contacter au sujet des esp\u00e8ces en voie d&rsquo;extinction ?<\/h2>\n\n\n\n<p>Les (Pseudoryx nghetinhensis) vivent principalement dans les for\u00eats montagneuses du Laos et du Vietnam. Extr\u00eamement discrets, ils sont rarement observ\u00e9s \u00e0 l\u2019\u00e9tat sauvage, ce qui rend l\u2019\u00e9tude de leur comportement et de la reproduction des saolas particuli\u00e8rement complexe.<\/p>\n\n\n\n<p>La reproduction reste encore peu document\u00e9e par la science. Les chercheurs estiment que leur p\u00e9riode de reproduction serait saisonni\u00e8re, mais les donn\u00e9es sont limit\u00e9es en raison de la raret\u00e9 des observations. Cette situation rend les programmes de conservation encore plus essentiels.<\/p>\n\n\n\n<p>BioFaun participe \u00e0 la diffusion d\u2019informations fiables et sensibilise le public \u00e0 l\u2019importance de prot\u00e9ger l\u2019habitat naturel afin de favoriser leur reproduction et leur survie.<\/p>\n\n\n\n<p>Si vous \u00eates \u00e9tudiant, chercheur, journaliste ou passionn\u00e9 de biodiversit\u00e9, nous serons ravis d\u2019\u00e9changer avec vous.<\/p>\n\n\n\n<hr class=\"wp-block-separator has-alpha-channel-opacity\"\/>\n\n\n\n<h2 class=\"wp-block-heading\">\ud83d\udce8 Formulaire de contact<\/h2>\n\n\n\n<p>Pour toute question concernant les esp\u00e8ces en voie d&rsquo;extinction ou la reproduction, merci de compl\u00e9ter le formulaire suivant :<\/p>\n\n\n\n<ul class=\"wp-block-list\">\n<li>Nom &amp; Pr\u00e9nom<\/li>\n\n\n\n<li>Adresse e-mail<\/li>\n\n\n\n<li>Organisation (facultatif)<\/li>\n\n\n\n<li>Sujet de votre demande\n<ul class=\"wp-block-list\">\n<li>Informations <\/li>\n\n\n\n<li>Reproduction <\/li>\n\n\n\n<li>Projet \u00e9ducatif<\/li>\n\n\n\n<li>Partenariat<\/li>\n\n\n\n<li>Demande m\u00e9dia<\/li>\n\n\n\n<li>Autre<\/li>\n<\/ul>\n<\/li>\n\n\n\n<li>Votre message<\/li>\n<\/ul>\n\n\n\n<p>Bouton : <strong>Envoyer ma demande<\/strong><\/p>\n\n\n\n<p>Plus vous nous donnerez de d\u00e9tails, plus notre r\u00e9ponse sera pr\u00e9cise et adapt\u00e9e.<\/p>\n\n\n\n<hr class=\"wp-block-separator has-alpha-channel-opacity\"\/>\n\n\n\n<h2 class=\"wp-block-heading\">\ud83c\udf0f Partenariats &amp; conservation<\/h2>\n\n\n\n<p>La protection n\u00e9cessite une collaboration internationale entre scientifiques, ONG et acteurs locaux. Si vous repr\u00e9sentez :<\/p>\n\n\n\n<ul class=\"wp-block-list\">\n<li>Une organisation environnementale<\/li>\n\n\n\n<li>Un institut de recherche<\/li>\n\n\n\n<li>Une universit\u00e9<\/li>\n\n\n\n<li>Un m\u00e9dia sp\u00e9cialis\u00e9<\/li>\n\n\n\n<li>Une structure engag\u00e9e dans la protection de la faune<\/li>\n<\/ul>\n\n\n\n<p>Contactez-nous \u00e0 : <strong><a>partenariat@biofaun.fr<\/a><\/strong><\/p>\n\n\n\n<p>Nous sommes particuli\u00e8rement int\u00e9ress\u00e9s par les projets li\u00e9s \u00e0 la reproduction, \u00e0 la protection de leur habitat et \u00e0 la lutte contre le braconnage.<\/p>\n\n\n\n<hr class=\"wp-block-separator has-alpha-channel-opacity\"\/>\n\n\n\n<h2 class=\"wp-block-heading\">\ud83d\udcda <a href=\"https:\/\/www.bing.com\/ck\/a?!&amp;&amp;p=9afc232033a00f1ccdde679a3db951f614a2e5c7224562fd0fdd374b739d9eaaJmltdHM9MTc3MTQ1OTIwMA&amp;ptn=3&amp;ver=2&amp;hsh=4&amp;fclid=1aa91d45-bf13-6818-33a7-0bb2bebd6973&amp;u=a1L3ZpZGVvcy9yaXZlcnZpZXcvcmVsYXRlZHZpZGVvP3E9c2FvbGFzK3ZpZGVvcyZtaWQ9MzhBNEFEQkE5MDQzMkVFQzA2MkMzOEE0QURCQTkwNDMyRUVDMDYyQyZGT1JNPVZJUkU&amp;ntb=1\" target=\"_blank\" rel=\"noopener\">Presse &amp; m\u00e9dias<\/a><\/h2>\n\n\n\n<p>\u00c9tant parmi les mammif\u00e8res les plus rares de la plan\u00e8te, ils suscitent un fort int\u00e9r\u00eat m\u00e9diatique. Si vous pr\u00e9parez un article ou un reportage sur les esp\u00e8ces ou sur la reproduction des saolas, notre \u00e9quipe peut vous fournir :<\/p>\n\n\n\n<ul class=\"wp-block-list\">\n<li>Des donn\u00e9es vulgaris\u00e9es<\/li>\n\n\n\n<li>Des ressources p\u00e9dagogiques<\/li>\n\n\n\n<li>Des contacts sp\u00e9cialis\u00e9s<\/li>\n\n\n\n<li>Des \u00e9l\u00e9ments de contexte scientifique<\/li>\n<\/ul>\n\n\n\n<p>Merci d\u2019indiquer vos d\u00e9lais de publication afin que nous puissions vous r\u00e9pondre rapidement.<\/p>\n\n\n\n<hr class=\"wp-block-separator has-alpha-channel-opacity\"\/>\n\n\n\n<h2 class=\"wp-block-heading\">\ud83d\udc9a <a href=\"https:\/\/biofaun.com\/index.php\/faune-biodiversite\/\" data-type=\"page\" data-id=\"91\">Notre engagement pour ces animaux<\/a><\/h2>\n\n\n\n<p>Chez BioFaun, nous croyons que la connaissance est la premi\u00e8re \u00e9tape vers la protection. La reproduction repr\u00e9sente un enjeu crucial pour \u00e9viter leur extinction. En sensibilisant le public et en soutenant la diffusion d\u2019informations scientifiques, nous contribuons \u00e0 une meilleure compr\u00e9hension de cette esp\u00e8ce exceptionnelle.<\/p>\n\n\n\n<p>Chaque message re\u00e7u renforce notre mission : prot\u00e9ger les saolas et promouvoir des actions concr\u00e8tes pour la biodiversit\u00e9 mondiale.<\/p>\n\n\n\n<p>Voici une phrase longue, fluide et engageante :<\/p>\n\n\n\n<p><strong>Venez nous d\u00e9couvrir dans de nouvelles aventures passionnantes avec Biofaun.com, votre espace d\u00e9di\u00e9 \u00e0 la d\u00e9couverte, \u00e0 la reproduction et \u00e0 la protection de la biodiversit\u00e9 \u00e0 travers des contenus informatifs, inspirants et engag\u00e9s pour pr\u00e9server les esp\u00e8ces les plus rares de notre plan\u00e8te.<\/strong><\/p>\n\n\n\n<p><\/p>\n","protected":false},"excerpt":{"rendered":"<p>Rejoignez-nous sur Biofaun.com pour explorer des aventures captivantes d\u00e9di\u00e9es \u00e0 la nature (saolas), \u00e0 la protection des esp\u00e8ces menac\u00e9es et \u00e0 la transmission de connaissances essentielles pour mieux comprendre les d\u00e9fis li\u00e9s \u00e0 la reproduction et \u00e0 la conservation de la faune sauvage. Chez BioFaun, nous nous engageons pour la pr\u00e9servation de la biodiversit\u00e9 et&#8230; <\/p>\n<div class=\"link-more\"><a href=\"https:\/\/biofaun.com\/index.php\/contact-saolas-reproduction\/\">En savoir plus<\/a><\/div>\n","protected":false},"author":3,"featured_media":0,"parent":0,"menu_order":0,"comment_status":"closed","ping_status":"closed","template":"","meta":{"_monsterinsights_skip_tracking":false,"_monsterinsights_sitenote_active":false,"_monsterinsights_sitenote_note":"","_monsterinsights_sitenote_category":0,"footnotes":""},"class_list":["post-60","page","type-page","status-publish","hentry"],"_links":{"self":[{"href":"https:\/\/biofaun.com\/index.php\/wp-json\/wp\/v2\/pages\/60","targetHints":{"allow":["GET"]}}],"collection":[{"href":"https:\/\/biofaun.com\/index.php\/wp-json\/wp\/v2\/pages"}],"about":[{"href":"https:\/\/biofaun.com\/index.php\/wp-json\/wp\/v2\/types\/page"}],"author":[{"embeddable":true,"href":"https:\/\/biofaun.com\/index.php\/wp-json\/wp\/v2\/users\/3"}],"replies":[{"embeddable":true,"href":"https:\/\/biofaun.com\/index.php\/wp-json\/wp\/v2\/comments?post=60"}],"version-history":[{"count":9,"href":"https:\/\/biofaun.com\/index.php\/wp-json\/wp\/v2\/pages\/60\/revisions"}],"predecessor-version":[{"id":676,"href":"https:\/\/biofaun.com\/index.php\/wp-json\/wp\/v2\/pages\/60\/revisions\/676"}],"wp:attachment":[{"href":"https:\/\/biofaun.com\/index.php\/wp-json\/wp\/v2\/media?parent=60"}],"curies":[{"name":"wp","href":"https:\/\/api.w.org\/{rel}","templated":true}]}}